{"id":104,"date":"2026-03-06T23:40:33","date_gmt":"2026-03-06T22:40:33","guid":{"rendered":"https:\/\/venomjaxx.serveblog.net\/?page_id=104"},"modified":"2026-03-07T00:01:19","modified_gmt":"2026-03-06T23:01:19","slug":"biographie","status":"publish","type":"page","link":"https:\/\/venomjaxx.serveblog.net\/?page_id=104","title":{"rendered":"Biographie"},"content":{"rendered":"\n<p class=\"has-text-align-center\">Ann\u00e9es 90: D\u00e9couverte de la guitare \u00e0 l&rsquo;\u00e9cole de musique de Jou\u00e9 les Tours<\/p>\n\n\n\n<p class=\"has-text-align-center\">2000:  d\u00e9couverte de la Musique assist\u00e9e par ordinateur.<\/p>\n\n\n\n<p class=\"has-text-align-center\">2005-2010: sessions freestyle dans les Open-bars.<\/p>\n\n\n\n<p class=\"has-text-align-center\">2015: cr\u00e9ation du premier Home studio \u00ab\u00a0VJ\u00a0\u00bb \u00e0 Jou\u00e9 les Tours.<\/p>\n\n\n\n<p class=\"has-text-align-center\">2025:  \u00ab\u00a0MC JACK\u00a0\u00bb  se lance dans l&rsquo;auto-entreprise sous licences.<\/p>\n\n\n\n<p class=\"has-text-align-center\">Apr\u00e8s une longue formation dans le domaine du num\u00e9rique, la musique lui sert de th\u00e9rapie et il d\u00e9cide d&rsquo;abandonner                                                                             ses anciens collaborateurs pour monter sa production seul chez lui.<\/p>\n\n\n\n<p class=\"has-text-align-center\">2026: Cr\u00e9ation d&rsquo;un studio \u00ab\u00a0portable\u00a0\u00bb et naissance de \u00ab\u00a0Venom Jaxx\u00a0\u00bb son futur label. <\/p>\n","protected":false},"excerpt":{"rendered":"<p>Ann\u00e9es 90: D\u00e9couverte de la guitare \u00e0 l&rsquo;\u00e9cole de musique de Jou\u00e9 les Tours 2000: d\u00e9couverte de la Musique assist\u00e9e par ordinateur. 2005-2010: sessions freestyle dans les Open-bars. 2015: cr\u00e9ation du premier Home studio \u00ab\u00a0VJ\u00a0\u00bb \u00e0 Jou\u00e9 les Tours. 2025: \u00ab\u00a0MC JACK\u00a0\u00bb se lance dans l&rsquo;auto-entreprise sous licences. Apr\u00e8s une longue formation dans le domaine [&hellip;]<\/p>\n","protected":false},"author":1,"featured_media":0,"parent":0,"menu_order":0,"comment_status":"closed","ping_status":"closed","template":"","meta":{"footnotes":""},"class_list":["post-104","page","type-page","status-publish","hentry"],"_links":{"self":[{"href":"https:\/\/venomjaxx.serveblog.net\/index.php?rest_route=\/wp\/v2\/pages\/104","targetHints":{"allow":["GET"]}}],"collection":[{"href":"https:\/\/venomjaxx.serveblog.net\/index.php?rest_route=\/wp\/v2\/pages"}],"about":[{"href":"https:\/\/venomjaxx.serveblog.net\/index.php?rest_route=\/wp\/v2\/types\/page"}],"author":[{"embeddable":true,"href":"https:\/\/venomjaxx.serveblog.net\/index.php?rest_route=\/wp\/v2\/users\/1"}],"replies":[{"embeddable":true,"href":"https:\/\/venomjaxx.serveblog.net\/index.php?rest_route=%2Fwp%2Fv2%2Fcomments&post=104"}],"version-history":[{"count":3,"href":"https:\/\/venomjaxx.serveblog.net\/index.php?rest_route=\/wp\/v2\/pages\/104\/revisions"}],"predecessor-version":[{"id":108,"href":"https:\/\/venomjaxx.serveblog.net\/index.php?rest_route=\/wp\/v2\/pages\/104\/revisions\/108"}],"wp:attachment":[{"href":"https:\/\/venomjaxx.serveblog.net\/index.php?rest_route=%2Fwp%2Fv2%2Fmedia&parent=104"}],"curies":[{"name":"wp","href":"https:\/\/api.w.org\/{rel}","templated":true}]}}