{"id":82,"date":"2026-03-06T22:32:35","date_gmt":"2026-03-06T21:32:35","guid":{"rendered":"https:\/\/venomjaxx.serveblog.net\/?page_id=82"},"modified":"2026-03-08T01:09:34","modified_gmt":"2026-03-08T00:09:34","slug":"partenaires","status":"publish","type":"page","link":"https:\/\/venomjaxx.serveblog.net\/?page_id=82","title":{"rendered":"partenaires"},"content":{"rendered":"\n<div class=\"wp-block-media-text has-media-on-the-right is-stacked-on-mobile is-vertically-aligned-center\" style=\"grid-template-columns:auto 59%\"><div class=\"wp-block-media-text__content\">\n<p>Les tables de mixage virtuelles sont nos amies en 2026, je tiens \u00e0 mentionner leur importance dans mon travail de \u00ab\u00a0Sound-designer\u00a0\u00bb, les diff\u00e9rents modes qu&rsquo;elles offrent permet d&rsquo;avoir un double monitoring avec le logiciel s\u00e9quenceur.<\/p>\n\n\n\n<p>Ici \u00e0 droite, le Focusrite Control ainsi que l&rsquo;universal Control de chez Presonus \u00e0 l&rsquo;oeuvre.<\/p>\n<\/div><figure class=\"wp-block-media-text__media\"><img loading=\"lazy\" decoding=\"async\" width=\"1084\" height=\"782\" src=\"https:\/\/venomjaxx.serveblog.net\/wp-content\/uploads\/2026\/03\/partenaires.png\" alt=\"\" class=\"wp-image-201 size-full\"\/><\/figure><\/div>\n","protected":false},"excerpt":{"rendered":"<p>Les tables de mixage virtuelles sont nos amies en 2026, je tiens \u00e0 mentionner leur importance dans mon travail de \u00ab\u00a0Sound-designer\u00a0\u00bb, les diff\u00e9rents modes qu&rsquo;elles offrent permet d&rsquo;avoir un double monitoring avec le logiciel s\u00e9quenceur. Ici \u00e0 droite, le Focusrite Control ainsi que l&rsquo;universal Control de chez Presonus \u00e0 l&rsquo;oeuvre.<\/p>\n","protected":false},"author":1,"featured_media":0,"parent":0,"menu_order":0,"comment_status":"closed","ping_status":"closed","template":"","meta":{"footnotes":""},"class_list":["post-82","page","type-page","status-publish","hentry"],"_links":{"self":[{"href":"https:\/\/venomjaxx.serveblog.net\/index.php?rest_route=\/wp\/v2\/pages\/82","targetHints":{"allow":["GET"]}}],"collection":[{"href":"https:\/\/venomjaxx.serveblog.net\/index.php?rest_route=\/wp\/v2\/pages"}],"about":[{"href":"https:\/\/venomjaxx.serveblog.net\/index.php?rest_route=\/wp\/v2\/types\/page"}],"author":[{"embeddable":true,"href":"https:\/\/venomjaxx.serveblog.net\/index.php?rest_route=\/wp\/v2\/users\/1"}],"replies":[{"embeddable":true,"href":"https:\/\/venomjaxx.serveblog.net\/index.php?rest_route=%2Fwp%2Fv2%2Fcomments&post=82"}],"version-history":[{"count":1,"href":"https:\/\/venomjaxx.serveblog.net\/index.php?rest_route=\/wp\/v2\/pages\/82\/revisions"}],"predecessor-version":[{"id":202,"href":"https:\/\/venomjaxx.serveblog.net\/index.php?rest_route=\/wp\/v2\/pages\/82\/revisions\/202"}],"wp:attachment":[{"href":"https:\/\/venomjaxx.serveblog.net\/index.php?rest_route=%2Fwp%2Fv2%2Fmedia&parent=82"}],"curies":[{"name":"wp","href":"https:\/\/api.w.org\/{rel}","templated":true}]}}